{"id":78,"date":"2022-06-16T18:46:56","date_gmt":"2022-06-16T18:46:56","guid":{"rendered":"http:\/\/association-sunflower.ch\/?page_id=78"},"modified":"2024-09-22T13:52:33","modified_gmt":"2024-09-22T13:52:33","slug":"main","status":"publish","type":"page","link":"https:\/\/association-sunflower.ch\/fr\/","title":{"rendered":"Association Sunflower"},"content":{"rendered":"<div class=\"about__information\">\n<h3 class=\"about__title\">Association Sunflower<\/h3>\n<p>Sunflower est une Association suisse \u00e0 but non lucratif, ind\u00e9pendante de toute organisation politique, id\u00e9ologique et confessionnelle qui s\u2019engage \u00e0 mener des activit\u00e9s afin de soutenir les projets caritatifs principalement dans ces directions:\n<\/p><\/div>\n<div class=\"about__information\">\n<ul>\n<li><b style=\"font-weight: bold;\">1. Int\u00e9gration socio-professionnelle<\/b> (Job-coaching, aide \u00e0 l\u2019int\u00e9gration, bilan de comp\u00e9tences, coaching individuel, stages d\u2019insertion socio-professionnelle).<\/li>\n<li><b style=\"font-weight: bold;\">2. Divers projets sociaux en Suisse<\/b>.<\/li>\n<li><b style=\"font-weight: bold;\">3. Aide humanitaire en Ukraine<\/b> (organisation et coordination de l\u2019aide humanitaire, achat et envoi des m\u00e9dicaments et de l\u2019aide m\u00e9dicale\/ humanitaire en Ukraine: centres sociaux, orphelinats, EMS).<\/li>\n<\/ul>\n<p>&nbsp;<\/p>\n<p><a href=\"https:\/\/association-sunflower.ch\/wp-content\/uploads\/2023\/06\/Rapport-dactivites-Association-Sunflower-2022.pdf\" target=\"_blank\" rel=\"noopener\"><span style=\"color: #0070ce;\">Rapport d\u2019activit\u00e9s 2022<\/span><\/a><\/p>\n<\/div>\n<div class=\"about__donator\">\n<h3 class=\"about__title\">Donateurs<\/h3>\n<p>Parmi nos donateurs nous comptons aussi bien des particuliers que des entreprises. Chaque donation faite au profit de l\u2019Association Sunflower est un geste extr\u00eamement pr\u00e9cieux et g\u00e9n\u00e9reux qui soutient les causes nobles et humaines.<\/p>\n<p>M\u00eame quelques francs peuvent faire la diff\u00e9rence et jouer un r\u00f4le dans la vie d\u2019une personne.<\/p>\n<p>Toutes nos donations sont exempt\u00e9es d\u2019imp\u00f4ts et peuvent \u00eatre attest\u00e9es par un document.<\/p>\n<p>&nbsp;<\/p>\n<p>Association Sunflower<br \/>\n1, rue Mina Audemars<br \/>\n1204 Gen\u00e8ve<br \/>\nSwitzerland<\/p>\n<p>&nbsp;<\/p>\n<p>Banque Cantonale de Gen\u00e8ve (BCGE)<br \/>\nIBAN: CH7400788000050942437<br \/>\nBIC\/ SWIFT: BCGECHGGXXX<br \/>\nClearing\/CB: 788<\/p>\n<p>&nbsp;<\/p>\n<\/div>\n<div class=\"about__partners partners\">\n<h3 class=\"about__title\">Partenaires<\/h3>\n<div class=\"partners__text\">\n<p>Nous sommes heureux et honor\u00e9s d\u2019avoir une relation de confiance avec tous nos partenaires, que ce soit avec des autorit\u00e9s suisses, des associations locales, des h\u00f4pitaux ou cliniques, des entreprises multinationales ou des communes. Transparence, partage des m\u00eames valeurs, engagement humanitaire et entraide \u2013 voici les mots-cl\u00e9 qui nous permettent de b\u00e2tir un lien solide et p\u00e9renne avec l\u2019ensemble de nos partenaires. Notre r\u00e9seau de partenaires venant de toute la Suisse s\u2019agrandit chaque jour et nous en sommes tr\u00e8s fiers.<\/p>\n<\/div>\n<\/div>\n","protected":false},"excerpt":{"rendered":"<p>Association Sunflower Sunflower est une Association suisse \u00e0 but non lucratif, ind\u00e9pendante de toute organisation politique, id\u00e9ologique et confessionnelle qui s\u2019engage \u00e0 mener des activit\u00e9s afin de soutenir les projets caritatifs principalement dans ces directions: 1. Int\u00e9gration socio-professionnelle (Job-coaching, aide \u00e0 l\u2019int\u00e9gration, bilan de comp\u00e9tences, coaching individuel, stages d\u2019insertion socio-professionnelle). 2. Divers projets sociaux en [&hellip;]<\/p>\n","protected":false},"author":1,"featured_media":5132,"parent":0,"menu_order":0,"comment_status":"closed","ping_status":"closed","template":"","meta":[],"_links":{"self":[{"href":"https:\/\/association-sunflower.ch\/fr\/wp-json\/wp\/v2\/pages\/78"}],"collection":[{"href":"https:\/\/association-sunflower.ch\/fr\/wp-json\/wp\/v2\/pages"}],"about":[{"href":"https:\/\/association-sunflower.ch\/fr\/wp-json\/wp\/v2\/types\/page"}],"author":[{"embeddable":true,"href":"https:\/\/association-sunflower.ch\/fr\/wp-json\/wp\/v2\/users\/1"}],"replies":[{"embeddable":true,"href":"https:\/\/association-sunflower.ch\/fr\/wp-json\/wp\/v2\/comments?post=78"}],"version-history":[{"count":47,"href":"https:\/\/association-sunflower.ch\/fr\/wp-json\/wp\/v2\/pages\/78\/revisions"}],"predecessor-version":[{"id":5341,"href":"https:\/\/association-sunflower.ch\/fr\/wp-json\/wp\/v2\/pages\/78\/revisions\/5341"}],"wp:featuredmedia":[{"embeddable":true,"href":"https:\/\/association-sunflower.ch\/fr\/wp-json\/wp\/v2\/media\/5132"}],"wp:attachment":[{"href":"https:\/\/association-sunflower.ch\/fr\/wp-json\/wp\/v2\/media?parent=78"}],"curies":[{"name":"wp","href":"https:\/\/api.w.org\/{rel}","templated":true}]}}