{"id":4249,"date":"2022-09-09T11:31:04","date_gmt":"2022-09-09T11:31:04","guid":{"rendered":"https:\/\/association-sunflower.ch\/?page_id=4249"},"modified":"2022-09-09T11:31:30","modified_gmt":"2022-09-09T11:31:30","slug":"emergency-reception-center-for-ukrainian-refugees-geneva-switzerland-april-2022","status":"publish","type":"page","link":"https:\/\/association-sunflower.ch\/fr\/album\/emergency-reception-center-for-ukrainian-refugees-geneva-switzerland-april-2022\/","title":{"rendered":"Centre d\u2019accueil d\u2019urgence des r\u00e9fugi\u00e9s ukrainiens, Gen\u00e8ve, Suisse, avril 2022"},"content":{"rendered":"","protected":false},"excerpt":{"rendered":"","protected":false},"author":1,"featured_media":0,"parent":93,"menu_order":11,"comment_status":"closed","ping_status":"closed","template":"templates\/album.php","meta":[],"_links":{"self":[{"href":"https:\/\/association-sunflower.ch\/fr\/wp-json\/wp\/v2\/pages\/4249"}],"collection":[{"href":"https:\/\/association-sunflower.ch\/fr\/wp-json\/wp\/v2\/pages"}],"about":[{"href":"https:\/\/association-sunflower.ch\/fr\/wp-json\/wp\/v2\/types\/page"}],"author":[{"embeddable":true,"href":"https:\/\/association-sunflower.ch\/fr\/wp-json\/wp\/v2\/users\/1"}],"replies":[{"embeddable":true,"href":"https:\/\/association-sunflower.ch\/fr\/wp-json\/wp\/v2\/comments?post=4249"}],"version-history":[{"count":2,"href":"https:\/\/association-sunflower.ch\/fr\/wp-json\/wp\/v2\/pages\/4249\/revisions"}],"predecessor-version":[{"id":4253,"href":"https:\/\/association-sunflower.ch\/fr\/wp-json\/wp\/v2\/pages\/4249\/revisions\/4253"}],"up":[{"embeddable":true,"href":"https:\/\/association-sunflower.ch\/fr\/wp-json\/wp\/v2\/pages\/93"}],"wp:attachment":[{"href":"https:\/\/association-sunflower.ch\/fr\/wp-json\/wp\/v2\/media?parent=4249"}],"curies":[{"name":"wp","href":"https:\/\/api.w.org\/{rel}","templated":true}]}}